{"id":2,"date":"2021-10-05T22:50:36","date_gmt":"2021-10-05T20:50:36","guid":{"rendered":"http:\/\/combat-evolution.eu\/?page_id=2"},"modified":"2023-01-28T08:48:59","modified_gmt":"2023-01-28T07:48:59","slug":"page-d-exemple","status":"publish","type":"page","link":"https:\/\/combat-evolution.eu\/","title":{"rendered":"Combat Evolution Krav Maga Federation"},"content":{"rendered":"\t\t<div data-elementor-type=\"wp-page\" data-elementor-id=\"2\" class=\"elementor elementor-2\">\n\t\t\t\t\t\t<section class=\"elementor-section elementor-top-section elementor-element elementor-element-44774ac0 elementor-section-boxed elementor-section-height-default elementor-section-height-default\" data-id=\"44774ac0\" data-element_type=\"section\">\n\t\t\t\t\t\t<div class=\"elementor-container elementor-column-gap-default\">\n\t\t\t\t\t<div class=\"elementor-column elementor-col-100 elementor-top-column elementor-element elementor-element-471d9de3\" data-id=\"471d9de3\" data-element_type=\"column\">\n\t\t\t<div class=\"elementor-widget-wrap elementor-element-populated\">\n\t\t\t\t\t\t<div class=\"elementor-element elementor-element-6ac753d2 elementor-widget elementor-widget-text-editor\" data-id=\"6ac753d2\" data-element_type=\"widget\" data-widget_type=\"text-editor.default\">\n\t\t\t\t<div class=\"elementor-widget-container\">\n\t\t\t<style>\/*! elementor - v3.20.0 - 20-03-2024 *\/\n.elementor-widget-text-editor.elementor-drop-cap-view-stacked .elementor-drop-cap{background-color:#69727d;color:#fff}.elementor-widget-text-editor.elementor-drop-cap-view-framed .elementor-drop-cap{color:#69727d;border:3px solid;background-color:transparent}.elementor-widget-text-editor:not(.elementor-drop-cap-view-default) .elementor-drop-cap{margin-top:8px}.elementor-widget-text-editor:not(.elementor-drop-cap-view-default) .elementor-drop-cap-letter{width:1em;height:1em}.elementor-widget-text-editor .elementor-drop-cap{float:left;text-align:center;line-height:1;font-size:50px}.elementor-widget-text-editor .elementor-drop-cap-letter{display:inline-block}<\/style>\t\t\t\t<!-- wp:paragraph -->\n<p>Combat Evolution Krav Maga F\u00e9d\u00e9ration (CEKMF) propose un krav maga simple et efficace<\/p>\n<!-- \/wp:paragraph -->\n\n<!-- wp:quote -->\n<blockquote class=\"wp-block-quote\"><p>Bas\u00e9 sur l&#8217;exp\u00e9rience du combat et du terrain de Franck Conejero.<\/p><\/blockquote>\n<!-- \/wp:quote -->\n\n<!-- wp:paragraph -->\n<p>Notre devise &#8220;<strong>seule l&#8217;efficacit\u00e9 compte<\/strong>&#8221; prend tout son sens avec des cours ou les \u00e9l\u00e8ves pourront apprendre des techniques simples et efficaces adapt\u00e9es \u00e0 toutes et \u00e0 tous. Notre but \u00e9tant de rendre les \u00e9l\u00e8ves plus efficaces.<\/p>\n<!-- \/wp:paragraph -->\n\n<!-- wp:paragraph -->\n<p>Avec les qualit\u00e9s physiques de chacun, la p\u00e9dagogie permet de mettre en situation et d&#8217;\u00e9valuer ce qui fonctionne ou pas pour chacun. Des r\u00e9f\u00e9rents sont form\u00e9s en France et en Belgique. Vous pouvez nous rejoindre dans un club proche de chez vous ou suivre le cursus r\u00e9f\u00e9rent si vous le souhaitez.<\/p>\n<!-- \/wp:paragraph -->\n\n<!-- wp:paragraph -->\n<p><\/p>\n<!-- \/wp:paragraph -->\t\t\t\t\t\t<\/div>\n\t\t\t\t<\/div>\n\t\t\t\t\t<\/div>\n\t\t<\/div>\n\t\t\t\t\t<\/div>\n\t\t<\/section>\n\t\t\t\t<section class=\"elementor-section elementor-top-section elementor-element elementor-element-4965753 elementor-section-boxed elementor-section-height-default elementor-section-height-default\" data-id=\"4965753\" data-element_type=\"section\">\n\t\t\t\t\t\t<div class=\"elementor-container elementor-column-gap-default\">\n\t\t\t\t\t<div class=\"elementor-column elementor-col-100 elementor-top-column elementor-element elementor-element-bd8fd64\" data-id=\"bd8fd64\" data-element_type=\"column\">\n\t\t\t<div class=\"elementor-widget-wrap elementor-element-populated\">\n\t\t\t\t\t\t<div class=\"elementor-element elementor-element-3ffee18 elementor-widget elementor-widget-image-gallery\" data-id=\"3ffee18\" data-element_type=\"widget\" data-widget_type=\"image-gallery.default\">\n\t\t\t\t<div class=\"elementor-widget-container\">\n\t\t\t<style>\/*! elementor - v3.20.0 - 20-03-2024 *\/\n.elementor-image-gallery .gallery-item{display:inline-block;text-align:center;vertical-align:top;width:100%;max-width:100%;margin:0 auto}.elementor-image-gallery .gallery-item img{margin:0 auto}.elementor-image-gallery .gallery-item .gallery-caption{margin:0}.elementor-image-gallery figure img{display:block}.elementor-image-gallery figure figcaption{width:100%}.gallery-spacing-custom .elementor-image-gallery .gallery-icon{padding:0}@media (min-width:768px){.elementor-image-gallery .gallery-columns-2 .gallery-item{max-width:50%}.elementor-image-gallery .gallery-columns-3 .gallery-item{max-width:33.33%}.elementor-image-gallery .gallery-columns-4 .gallery-item{max-width:25%}.elementor-image-gallery .gallery-columns-5 .gallery-item{max-width:20%}.elementor-image-gallery .gallery-columns-6 .gallery-item{max-width:16.666%}.elementor-image-gallery .gallery-columns-7 .gallery-item{max-width:14.28%}.elementor-image-gallery .gallery-columns-8 .gallery-item{max-width:12.5%}.elementor-image-gallery .gallery-columns-9 .gallery-item{max-width:11.11%}.elementor-image-gallery .gallery-columns-10 .gallery-item{max-width:10%}}@media (min-width:480px) and (max-width:767px){.elementor-image-gallery .gallery.gallery-columns-2 .gallery-item,.elementor-image-gallery .gallery.gallery-columns-3 .gallery-item,.elementor-image-gallery .gallery.gallery-columns-4 .gallery-item,.elementor-image-gallery .gallery.gallery-columns-5 .gallery-item,.elementor-image-gallery .gallery.gallery-columns-6 .gallery-item,.elementor-image-gallery .gallery.gallery-columns-7 .gallery-item,.elementor-image-gallery .gallery.gallery-columns-8 .gallery-item,.elementor-image-gallery .gallery.gallery-columns-9 .gallery-item,.elementor-image-gallery .gallery.gallery-columns-10 .gallery-item{max-width:50%}}@media (max-width:479px){.elementor-image-gallery .gallery.gallery-columns-2 .gallery-item,.elementor-image-gallery .gallery.gallery-columns-3 .gallery-item,.elementor-image-gallery .gallery.gallery-columns-4 .gallery-item,.elementor-image-gallery .gallery.gallery-columns-5 .gallery-item,.elementor-image-gallery .gallery.gallery-columns-6 .gallery-item,.elementor-image-gallery .gallery.gallery-columns-7 .gallery-item,.elementor-image-gallery .gallery.gallery-columns-8 .gallery-item,.elementor-image-gallery .gallery.gallery-columns-9 .gallery-item,.elementor-image-gallery .gallery.gallery-columns-10 .gallery-item{max-width:100%}}<\/style>\t\t<div class=\"elementor-image-gallery\">\n\t\t\t<div id='gallery-1' class='gallery galleryid-2 gallery-columns-2 gallery-size-medium'><figure class='gallery-item'>\n\t\t\t<div class='gallery-icon landscape'>\n\t\t\t\t<a data-elementor-open-lightbox=\"yes\" data-elementor-lightbox-slideshow=\"3ffee18\" data-elementor-lightbox-title=\"Stage janvier 2023 Bievre\" data-e-action-hash=\"#elementor-action%3Aaction%3Dlightbox%26settings%3DeyJpZCI6MTY4LCJ1cmwiOiJodHRwczpcL1wvY29tYmF0LWV2b2x1dGlvbi5ldVwvd3AtY29udGVudFwvdXBsb2Fkc1wvMjAyM1wvMDFcL1N0YWdlLWphbnZpZXItMjAyMy1CaWV2cmUucG5nIiwic2xpZGVzaG93IjoiM2ZmZWUxOCJ9\" href='https:\/\/combat-evolution.eu\/wp-content\/uploads\/2023\/01\/Stage-janvier-2023-Bievre.png'><img fetchpriority=\"high\" decoding=\"async\" width=\"300\" height=\"206\" src=\"https:\/\/combat-evolution.eu\/wp-content\/uploads\/2023\/01\/Stage-janvier-2023-Bievre-300x206.png\" class=\"attachment-medium size-medium\" alt=\"\" srcset=\"https:\/\/combat-evolution.eu\/wp-content\/uploads\/2023\/01\/Stage-janvier-2023-Bievre-300x206.png 300w, https:\/\/combat-evolution.eu\/wp-content\/uploads\/2023\/01\/Stage-janvier-2023-Bievre-1024x703.png 1024w, https:\/\/combat-evolution.eu\/wp-content\/uploads\/2023\/01\/Stage-janvier-2023-Bievre-768x527.png 768w, https:\/\/combat-evolution.eu\/wp-content\/uploads\/2023\/01\/Stage-janvier-2023-Bievre-1536x1055.png 1536w, https:\/\/combat-evolution.eu\/wp-content\/uploads\/2023\/01\/Stage-janvier-2023-Bievre-2048x1406.png 2048w\" sizes=\"100vw\" \/><\/a>\n\t\t\t<\/div><\/figure><figure class='gallery-item'>\n\t\t\t<div class='gallery-icon portrait'>\n\t\t\t\t<a data-elementor-open-lightbox=\"yes\" data-elementor-lightbox-slideshow=\"3ffee18\" data-elementor-lightbox-title=\"Stage Bastogne mars 2023\" data-e-action-hash=\"#elementor-action%3Aaction%3Dlightbox%26settings%3DeyJpZCI6MTY3LCJ1cmwiOiJodHRwczpcL1wvY29tYmF0LWV2b2x1dGlvbi5ldVwvd3AtY29udGVudFwvdXBsb2Fkc1wvMjAyM1wvMDFcL1N0YWdlLUJhc3RvZ25lLW1hcnMtMjAyMy5wbmciLCJzbGlkZXNob3ciOiIzZmZlZTE4In0%3D\" href='https:\/\/combat-evolution.eu\/wp-content\/uploads\/2023\/01\/Stage-Bastogne-mars-2023.png'><img decoding=\"async\" width=\"212\" height=\"300\" src=\"https:\/\/combat-evolution.eu\/wp-content\/uploads\/2023\/01\/Stage-Bastogne-mars-2023-212x300.png\" class=\"attachment-medium size-medium\" alt=\"\" srcset=\"https:\/\/combat-evolution.eu\/wp-content\/uploads\/2023\/01\/Stage-Bastogne-mars-2023-212x300.png 212w, https:\/\/combat-evolution.eu\/wp-content\/uploads\/2023\/01\/Stage-Bastogne-mars-2023-724x1024.png 724w, https:\/\/combat-evolution.eu\/wp-content\/uploads\/2023\/01\/Stage-Bastogne-mars-2023-768x1086.png 768w, https:\/\/combat-evolution.eu\/wp-content\/uploads\/2023\/01\/Stage-Bastogne-mars-2023-1086x1536.png 1086w, https:\/\/combat-evolution.eu\/wp-content\/uploads\/2023\/01\/Stage-Bastogne-mars-2023-1449x2048.png 1449w\" sizes=\"100vw\" \/><\/a>\n\t\t\t<\/div><\/figure><figure class='gallery-item'>\n\t\t\t<div class='gallery-icon portrait'>\n\t\t\t\t<a data-elementor-open-lightbox=\"yes\" data-elementor-lightbox-slideshow=\"3ffee18\" data-elementor-lightbox-title=\"Stage mars 2023 Agde\" data-e-action-hash=\"#elementor-action%3Aaction%3Dlightbox%26settings%3DeyJpZCI6MTY5LCJ1cmwiOiJodHRwczpcL1wvY29tYmF0LWV2b2x1dGlvbi5ldVwvd3AtY29udGVudFwvdXBsb2Fkc1wvMjAyM1wvMDFcL1N0YWdlLW1hcnMtMjAyMy1BZ2RlLnBuZyIsInNsaWRlc2hvdyI6IjNmZmVlMTgifQ%3D%3D\" href='https:\/\/combat-evolution.eu\/wp-content\/uploads\/2023\/01\/Stage-mars-2023-Agde.png'><img decoding=\"async\" width=\"212\" height=\"300\" src=\"https:\/\/combat-evolution.eu\/wp-content\/uploads\/2023\/01\/Stage-mars-2023-Agde-212x300.png\" class=\"attachment-medium size-medium\" alt=\"\" srcset=\"https:\/\/combat-evolution.eu\/wp-content\/uploads\/2023\/01\/Stage-mars-2023-Agde-212x300.png 212w, https:\/\/combat-evolution.eu\/wp-content\/uploads\/2023\/01\/Stage-mars-2023-Agde-724x1024.png 724w, https:\/\/combat-evolution.eu\/wp-content\/uploads\/2023\/01\/Stage-mars-2023-Agde-768x1086.png 768w, https:\/\/combat-evolution.eu\/wp-content\/uploads\/2023\/01\/Stage-mars-2023-Agde-1086x1536.png 1086w, https:\/\/combat-evolution.eu\/wp-content\/uploads\/2023\/01\/Stage-mars-2023-Agde-1449x2048.png 1449w\" sizes=\"100vw\" \/><\/a>\n\t\t\t<\/div><\/figure>\n\t\t<\/div>\n\t\t<\/div>\n\t\t\t\t<\/div>\n\t\t\t\t<\/div>\n\t\t\t\t\t<\/div>\n\t\t<\/div>\n\t\t\t\t\t<\/div>\n\t\t<\/section>\n\t\t\t\t<\/div>\n\t\t","protected":false},"excerpt":{"rendered":"<p>Combat Evolution Krav Maga F\u00e9d\u00e9ration (CEKMF) propose un krav maga simple et efficace Bas\u00e9 sur l&#8217;exp\u00e9rience du combat et du terrain de Franck Conejero. Notre devise &#8220;seule l&#8217;efficacit\u00e9 compte&#8221; prend tout son sens avec des cours ou les \u00e9l\u00e8ves pourront apprendre des techniques simples et efficaces adapt\u00e9es \u00e0 toutes et \u00e0 tous. Notre but \u00e9tant &hellip; <\/p>\n<p class=\"link-more\"><a href=\"https:\/\/combat-evolution.eu\/\" class=\"more-link\">Continuer la lecture<span class=\"screen-reader-text\"> de &laquo;&nbsp;Combat Evolution Krav Maga Federation&nbsp;&raquo;<\/span><\/a><\/p>\n","protected":false},"author":1,"featured_media":0,"parent":0,"menu_order":0,"comment_status":"closed","ping_status":"open","template":"","meta":{"footnotes":""},"class_list":["post-2","page","type-page","status-publish","hentry"],"_links":{"self":[{"href":"https:\/\/combat-evolution.eu\/index.php?rest_route=\/wp\/v2\/pages\/2","targetHints":{"allow":["GET"]}}],"collection":[{"href":"https:\/\/combat-evolution.eu\/index.php?rest_route=\/wp\/v2\/pages"}],"about":[{"href":"https:\/\/combat-evolution.eu\/index.php?rest_route=\/wp\/v2\/types\/page"}],"author":[{"embeddable":true,"href":"https:\/\/combat-evolution.eu\/index.php?rest_route=\/wp\/v2\/users\/1"}],"replies":[{"embeddable":true,"href":"https:\/\/combat-evolution.eu\/index.php?rest_route=%2Fwp%2Fv2%2Fcomments&post=2"}],"version-history":[{"count":11,"href":"https:\/\/combat-evolution.eu\/index.php?rest_route=\/wp\/v2\/pages\/2\/revisions"}],"predecessor-version":[{"id":172,"href":"https:\/\/combat-evolution.eu\/index.php?rest_route=\/wp\/v2\/pages\/2\/revisions\/172"}],"wp:attachment":[{"href":"https:\/\/combat-evolution.eu\/index.php?rest_route=%2Fwp%2Fv2%2Fmedia&parent=2"}],"curies":[{"name":"wp","href":"https:\/\/api.w.org\/{rel}","templated":true}]}}